{"id":2,"date":"2022-10-13T08:43:30","date_gmt":"2022-10-13T08:43:30","guid":{"rendered":"http:\/\/freerider-kite.com\/USSA\/?page_id=2"},"modified":"2022-10-15T23:45:59","modified_gmt":"2022-10-15T23:45:59","slug":"page-d-exemple","status":"publish","type":"page","link":"https:\/\/freerider-kite.com\/USSA\/index.php\/page-d-exemple\/","title":{"rendered":"Pr\u00e9sentations"},"content":{"rendered":"\n<h2 class=\"wp-block-heading\"><br>Pr\u00e9sentation de la structure<\/h2>\n\n\n\n<p>Dans le souci de s\u00e9curiser les excursions sur les sites de baignade, est n\u00e9e en 2002&nbsp; l\u2019Unit\u00e9 Sp\u00e9ciale des Sauveteurs Aquatiques (USSA). Structure agr\u00e9\u00e9e par le Minist\u00e8re de l\u2019Int\u00e9rieur&nbsp;(RCI) &nbsp;sous le num\u00e9ro 1150 du 20 Novembre 2009 et affili\u00e9e \u00e0 la F\u00e9d\u00e9ration Ivoirienne de Natation et Sauvetage ( FINS ).<\/p>\n\n\n\n<p>L\u2019USSA regroupe en son sein des nageurs de comp\u00e9tition, des apn\u00e9istes,\u00a0 des chasseurs-sous marins, des plongeurs scaphandriers ainsi que des p\u00eacheurs professionnels.<\/p>\n\n\n\n<p><\/p>\n\n\n\n<h2 class=\"wp-block-heading\"><br><br>Objectifs<\/h2>\n\n\n\n<p>&nbsp;&nbsp;Promouvoir le sauvetage aquatique en C\u00f4te d\u2019Ivoire sur les sites de baignades naturelles (marigot, rivi\u00e8res, lacs, lagunes et mer) ;<\/p>\n\n\n\n<div class=\"wp-block-columns are-vertically-aligned-center is-layout-flex wp-container-core-columns-is-layout-9d6595d7 wp-block-columns-is-layout-flex\">\n<div class=\"wp-block-column is-vertically-aligned-center is-layout-flow wp-block-column-is-layout-flow\" style=\"flex-basis:100%\">\n<ul class=\"wp-block-list\"><li>R\u00e9duire le taux de noyade sous toutes ses formes ;<\/li><li>S\u00e9curiser les sports nautiques et activit\u00e9s subaquatiques ;<\/li><li>Donner une formation approfondie aux personnes exer\u00e7ant dans ces milieux;<\/li><li>Apprendre \u00e0 conna\u00eetre et maitriser le milieu aquatique sous toutes ses formes.<\/li><\/ul>\n<\/div>\n<\/div>\n\n\n\n<p><\/p>\n\n\n\n<h2 class=\"wp-block-heading\"><br><br>Particularit\u00e9<\/h2>\n\n\n\n<p>1-\u00a0 la particularit\u00e9 de l\u2019USSA est \u00a0la pr\u00e9vention et la sensibilisation en mati\u00e8re de s\u00e9curit\u00e9 aquatique<\/p>\n\n\n\n<p>2-\u00a0la cr\u00e9ation de nouvelles m\u00e9thodes adapt\u00e9es aux techniques d\u2019intervention.<\/p>\n\n\n\n<p>3-&nbsp; l&rsquo;\u00e9laboration d&rsquo;\u00e9tudes en vue de pr\u00e9venir les accidents aquatiques et sub-aquatiques<\/p>\n\n\n\n<p>4-\u00a0 L\u2019USSA assure la s\u00e9curit\u00e9 des comp\u00e9titions de natation et fait des exercices de simulation de sauvetage\u00a0<\/p>\n\n\n\n<p>5- La\u00a0s\u00e9curisation des sites de baignades \u00e0 risques.<\/p>\n","protected":false},"excerpt":{"rendered":"<p>Pr\u00e9sentation de la structure Dans le souci de s\u00e9curiser les excursions sur les sites de baignade, est n\u00e9e en 2002&nbsp; l\u2019Unit\u00e9 Sp\u00e9ciale des Sauveteurs Aquatiques (USSA). Structure agr\u00e9\u00e9e par le Minist\u00e8re de l\u2019Int\u00e9rieur&nbsp;(RCI) &nbsp;sous le num\u00e9ro 1150 du 20 Novembre 2009 et affili\u00e9e \u00e0 la F\u00e9d\u00e9ration Ivoirienne de Natation et Sauvetage ( FINS ). L\u2019USSA [&hellip;]<\/p>\n","protected":false},"author":1,"featured_media":0,"parent":0,"menu_order":1,"comment_status":"closed","ping_status":"closed","template":"","meta":{"footnotes":""},"class_list":["post-2","page","type-page","status-publish","hentry"],"jetpack_sharing_enabled":true,"_links":{"self":[{"href":"https:\/\/freerider-kite.com\/USSA\/index.php\/wp-json\/wp\/v2\/pages\/2","targetHints":{"allow":["GET"]}}],"collection":[{"href":"https:\/\/freerider-kite.com\/USSA\/index.php\/wp-json\/wp\/v2\/pages"}],"about":[{"href":"https:\/\/freerider-kite.com\/USSA\/index.php\/wp-json\/wp\/v2\/types\/page"}],"author":[{"embeddable":true,"href":"https:\/\/freerider-kite.com\/USSA\/index.php\/wp-json\/wp\/v2\/users\/1"}],"replies":[{"embeddable":true,"href":"https:\/\/freerider-kite.com\/USSA\/index.php\/wp-json\/wp\/v2\/comments?post=2"}],"version-history":[{"count":13,"href":"https:\/\/freerider-kite.com\/USSA\/index.php\/wp-json\/wp\/v2\/pages\/2\/revisions"}],"predecessor-version":[{"id":81,"href":"https:\/\/freerider-kite.com\/USSA\/index.php\/wp-json\/wp\/v2\/pages\/2\/revisions\/81"}],"wp:attachment":[{"href":"https:\/\/freerider-kite.com\/USSA\/index.php\/wp-json\/wp\/v2\/media?parent=2"}],"curies":[{"name":"wp","href":"https:\/\/api.w.org\/{rel}","templated":true}]}}